{"id":3114,"date":"2020-01-13T16:43:51","date_gmt":"2020-01-13T15:43:51","guid":{"rendered":"https:\/\/www.arcaro.ch\/new\/?page_id=3114"},"modified":"2020-08-16T11:03:26","modified_gmt":"2020-08-16T10:03:26","slug":"kurzwochenende-im-tessin-januar-2020","status":"publish","type":"page","link":"https:\/\/www.arcaro.ch\/?page_id=3114","title":{"rendered":"Kurzwochenende im Tessin (Januar 2020)"},"content":{"rendered":"\t\t<div data-elementor-type=\"wp-page\" data-elementor-id=\"3114\" class=\"elementor elementor-3114\">\n\t\t\t\t\t\t<section class=\"elementor-section elementor-top-section elementor-element elementor-element-eaa1fac elementor-section-boxed elementor-section-height-default elementor-section-height-default\" data-id=\"eaa1fac\" data-element_type=\"section\">\n\t\t\t\t\t\t<div class=\"elementor-container elementor-column-gap-default\">\n\t\t\t\t\t<div class=\"elementor-column elementor-col-100 elementor-top-column elementor-element elementor-element-8bf6453\" data-id=\"8bf6453\" data-element_type=\"column\">\n\t\t\t<div class=\"elementor-widget-wrap elementor-element-populated\">\n\t\t\t\t\t\t<div class=\"elementor-element elementor-element-ff31406 elementor-widget elementor-widget-heading\" data-id=\"ff31406\" data-element_type=\"widget\" data-widget_type=\"heading.default\">\n\t\t\t\t<div class=\"elementor-widget-container\">\n\t\t\t\t\t<h3 class=\"elementor-heading-title elementor-size-default\">Camping Miralago, Tenero,  (11.-13.01.2020)<\/h3>\t\t\t\t<\/div>\n\t\t\t\t<\/div>\n\t\t\t\t\t<\/div>\n\t\t<\/div>\n\t\t\t\t\t<\/div>\n\t\t<\/section>\n\t\t\t\t<section class=\"elementor-section elementor-top-section elementor-element elementor-element-dc40e58 elementor-section-boxed elementor-section-height-default elementor-section-height-default\" data-id=\"dc40e58\" data-element_type=\"section\">\n\t\t\t\t\t\t<div class=\"elementor-container elementor-column-gap-default\">\n\t\t\t\t\t<div class=\"elementor-column elementor-col-100 elementor-top-column elementor-element elementor-element-ee125f7\" data-id=\"ee125f7\" data-element_type=\"column\">\n\t\t\t<div class=\"elementor-widget-wrap elementor-element-populated\">\n\t\t\t\t\t\t<div class=\"elementor-element elementor-element-55587a1 elementor-widget elementor-widget-text-editor\" data-id=\"55587a1\" data-element_type=\"widget\" data-widget_type=\"text-editor.default\">\n\t\t\t\t<div class=\"elementor-widget-container\">\n\t\t\t\t\t\t\t\t\t<p>Es ist wie jeden Winter, Hochnebel und alles grau in grau. Schnell mal die Wetterlage erkundet, und siehe da, im Tessin soll die Sonne \u00dcberstunden machen. Obwohl noch Mitte Januar, soll es angenehme 8 &#8211; 10 \u00ba C werden. <\/p><p>Da die Auswahl an offenen Campingpl\u00e4tzen im Winter sehr beschr\u00e4nkt ist, kam f\u00fcr uns nur der Campingplatz Miralago in Tenero in Frage. Kurz entschlossen machten wir uns am Samstag fr\u00fch auf dem Weg in den S\u00fcden.<\/p><p>Ohne Staus und kaum Verkehr erreichten wir nach 2 \u00bd Stunden Tenero. <br \/>Die Camping-St\u00fchle aufgestellt und schon konnten wir die Sonne geniessen.<\/p>\t\t\t\t\t\t\t\t<\/div>\n\t\t\t\t<\/div>\n\t\t\t\t\t<\/div>\n\t\t<\/div>\n\t\t\t\t\t<\/div>\n\t\t<\/section>\n\t\t\t\t<section class=\"elementor-section elementor-top-section elementor-element elementor-element-4a946e8 elementor-section-boxed elementor-section-height-default elementor-section-height-default\" data-id=\"4a946e8\" data-element_type=\"section\">\n\t\t\t\t\t\t<div class=\"elementor-container elementor-column-gap-default\">\n\t\t\t\t\t<div class=\"elementor-column elementor-col-100 elementor-top-column elementor-element elementor-element-8446385\" data-id=\"8446385\" data-element_type=\"column\">\n\t\t\t<div class=\"elementor-widget-wrap elementor-element-populated\">\n\t\t\t\t\t\t<div class=\"elementor-element elementor-element-fe6da0d elementor-widget elementor-widget-image-gallery\" data-id=\"fe6da0d\" data-element_type=\"widget\" data-widget_type=\"image-gallery.default\">\n\t\t\t\t<div class=\"elementor-widget-container\">\n\t\t\t\t\t\t\t<div class=\"elementor-image-gallery\">\n\t\t\t\n\t\t<style type=\"text\/css\">\n\t\t\t#gallery-1 {\n\t\t\t\tmargin: auto;\n\t\t\t}\n\t\t\t#gallery-1 .gallery-item {\n\t\t\t\tfloat: left;\n\t\t\t\tmargin-top: 10px;\n\t\t\t\ttext-align: center;\n\t\t\t\twidth: 16%;\n\t\t\t}\n\t\t\t#gallery-1 img {\n\t\t\t\tborder: 2px solid #cfcfcf;\n\t\t\t}\n\t\t\t#gallery-1 .gallery-caption {\n\t\t\t\tmargin-left: 0;\n\t\t\t}\n\t\t\t\/* see gallery_shortcode() in wp-includes\/media.php *\/\n\t\t<\/style>\n\t\t<div id='gallery-1' class='gallery galleryid-3114 gallery-columns-6 gallery-size-thumbnail'><dl class='gallery-item'>\n\t\t\t<dt class='gallery-icon landscape'>\n\t\t\t\t<a data-elementor-open-lightbox=\"yes\" data-elementor-lightbox-slideshow=\"fe6da0d\" data-elementor-lightbox-title=\"Tessin\" data-e-action-hash=\"#elementor-action%3Aaction%3Dlightbox%26settings%3DeyJpZCI6MzExNSwidXJsIjoiaHR0cHM6XC9cL3d3dy5hcmNhcm8uY2hcL3dwLWNvbnRlbnRcL3VwbG9hZHNcLzIwMjBcLzAxXC8yMDIwMDExMV8xMTEzMjkuanBnIiwic2xpZGVzaG93IjoiZmU2ZGEwZCJ9\" href='https:\/\/www.arcaro.ch\/wp-content\/uploads\/2020\/01\/20200111_111329.jpg'><img decoding=\"async\" width=\"150\" height=\"150\" src=\"https:\/\/www.arcaro.ch\/wp-content\/uploads\/2020\/01\/20200111_111329-150x150.jpg\" class=\"attachment-thumbnail size-thumbnail\" alt=\"\" \/><\/a>\n\t\t\t<\/dt><\/dl><dl class='gallery-item'>\n\t\t\t<dt class='gallery-icon landscape'>\n\t\t\t\t<a data-elementor-open-lightbox=\"yes\" data-elementor-lightbox-slideshow=\"fe6da0d\" data-elementor-lightbox-title=\"Tessin\" data-e-action-hash=\"#elementor-action%3Aaction%3Dlightbox%26settings%3DeyJpZCI6MzExNiwidXJsIjoiaHR0cHM6XC9cL3d3dy5hcmNhcm8uY2hcL3dwLWNvbnRlbnRcL3VwbG9hZHNcLzIwMjBcLzAxXC8yMDIwMDExMV8xMTEzNDkuanBnIiwic2xpZGVzaG93IjoiZmU2ZGEwZCJ9\" href='https:\/\/www.arcaro.ch\/wp-content\/uploads\/2020\/01\/20200111_111349.jpg'><img decoding=\"async\" width=\"150\" height=\"150\" src=\"https:\/\/www.arcaro.ch\/wp-content\/uploads\/2020\/01\/20200111_111349-150x150.jpg\" class=\"attachment-thumbnail size-thumbnail\" alt=\"\" \/><\/a>\n\t\t\t<\/dt><\/dl><dl class='gallery-item'>\n\t\t\t<dt class='gallery-icon landscape'>\n\t\t\t\t<a data-elementor-open-lightbox=\"yes\" data-elementor-lightbox-slideshow=\"fe6da0d\" data-elementor-lightbox-title=\"Tessin\" data-e-action-hash=\"#elementor-action%3Aaction%3Dlightbox%26settings%3DeyJpZCI6MzExNywidXJsIjoiaHR0cHM6XC9cL3d3dy5hcmNhcm8uY2hcL3dwLWNvbnRlbnRcL3VwbG9hZHNcLzIwMjBcLzAxXC8yMDIwMDExMV8xMTQ2MjAuanBnIiwic2xpZGVzaG93IjoiZmU2ZGEwZCJ9\" data-elementor-lightbox-description=\"LMC Womi\" href='https:\/\/www.arcaro.ch\/wp-content\/uploads\/2020\/01\/20200111_114620.jpg'><img decoding=\"async\" width=\"150\" height=\"150\" src=\"https:\/\/www.arcaro.ch\/wp-content\/uploads\/2020\/01\/20200111_114620-150x150.jpg\" class=\"attachment-thumbnail size-thumbnail\" alt=\"\" \/><\/a>\n\t\t\t<\/dt><\/dl><dl class='gallery-item'>\n\t\t\t<dt class='gallery-icon landscape'>\n\t\t\t\t<a data-elementor-open-lightbox=\"yes\" data-elementor-lightbox-slideshow=\"fe6da0d\" data-elementor-lightbox-title=\"Tessin\" data-e-action-hash=\"#elementor-action%3Aaction%3Dlightbox%26settings%3DeyJpZCI6MzExOCwidXJsIjoiaHR0cHM6XC9cL3d3dy5hcmNhcm8uY2hcL3dwLWNvbnRlbnRcL3VwbG9hZHNcLzIwMjBcLzAxXC8yMDIwMDExMV8xMjI0NDguanBnIiwic2xpZGVzaG93IjoiZmU2ZGEwZCJ9\" data-elementor-lightbox-description=\"LMC Womi\" href='https:\/\/www.arcaro.ch\/wp-content\/uploads\/2020\/01\/20200111_122448.jpg'><img loading=\"lazy\" decoding=\"async\" width=\"150\" height=\"150\" src=\"https:\/\/www.arcaro.ch\/wp-content\/uploads\/2020\/01\/20200111_122448-150x150.jpg\" class=\"attachment-thumbnail size-thumbnail\" alt=\"\" \/><\/a>\n\t\t\t<\/dt><\/dl><dl class='gallery-item'>\n\t\t\t<dt class='gallery-icon landscape'>\n\t\t\t\t<a data-elementor-open-lightbox=\"yes\" data-elementor-lightbox-slideshow=\"fe6da0d\" data-elementor-lightbox-title=\"Tessin\" data-e-action-hash=\"#elementor-action%3Aaction%3Dlightbox%26settings%3DeyJpZCI6MzExOSwidXJsIjoiaHR0cHM6XC9cL3d3dy5hcmNhcm8uY2hcL3dwLWNvbnRlbnRcL3VwbG9hZHNcLzIwMjBcLzAxXC8yMDIwMDExMl8xMjM2MjkuanBnIiwic2xpZGVzaG93IjoiZmU2ZGEwZCJ9\" data-elementor-lightbox-description=\"Blumen\" href='https:\/\/www.arcaro.ch\/wp-content\/uploads\/2020\/01\/20200112_123629.jpg'><img loading=\"lazy\" decoding=\"async\" width=\"150\" height=\"150\" src=\"https:\/\/www.arcaro.ch\/wp-content\/uploads\/2020\/01\/20200112_123629-150x150.jpg\" class=\"attachment-thumbnail size-thumbnail\" alt=\"\" \/><\/a>\n\t\t\t<\/dt><\/dl><dl class='gallery-item'>\n\t\t\t<dt class='gallery-icon landscape'>\n\t\t\t\t<a data-elementor-open-lightbox=\"yes\" data-elementor-lightbox-slideshow=\"fe6da0d\" data-elementor-lightbox-title=\"Tessin\" data-e-action-hash=\"#elementor-action%3Aaction%3Dlightbox%26settings%3DeyJpZCI6MzEyMCwidXJsIjoiaHR0cHM6XC9cL3d3dy5hcmNhcm8uY2hcL3dwLWNvbnRlbnRcL3VwbG9hZHNcLzIwMjBcLzAxXC8yMDIwMDExMl8xMjM2NTQuanBnIiwic2xpZGVzaG93IjoiZmU2ZGEwZCJ9\" data-elementor-lightbox-description=\"Bl\u00fcten Blumen\" href='https:\/\/www.arcaro.ch\/wp-content\/uploads\/2020\/01\/20200112_123654.jpg'><img loading=\"lazy\" decoding=\"async\" width=\"150\" height=\"150\" src=\"https:\/\/www.arcaro.ch\/wp-content\/uploads\/2020\/01\/20200112_123654-150x150.jpg\" class=\"attachment-thumbnail size-thumbnail\" alt=\"\" \/><\/a>\n\t\t\t<\/dt><\/dl><br style=\"clear: both\" \/><dl class='gallery-item'>\n\t\t\t<dt class='gallery-icon landscape'>\n\t\t\t\t<a data-elementor-open-lightbox=\"yes\" data-elementor-lightbox-slideshow=\"fe6da0d\" data-elementor-lightbox-title=\"Tessin\" data-e-action-hash=\"#elementor-action%3Aaction%3Dlightbox%26settings%3DeyJpZCI6MzEyMSwidXJsIjoiaHR0cHM6XC9cL3d3dy5hcmNhcm8uY2hcL3dwLWNvbnRlbnRcL3VwbG9hZHNcLzIwMjBcLzAxXC8yMDIwMDExMl8xMjQwMjQuanBnIiwic2xpZGVzaG93IjoiZmU2ZGEwZCJ9\" data-elementor-lightbox-description=\"Bl\u00fcten\" href='https:\/\/www.arcaro.ch\/wp-content\/uploads\/2020\/01\/20200112_124024.jpg'><img loading=\"lazy\" decoding=\"async\" width=\"150\" height=\"150\" src=\"https:\/\/www.arcaro.ch\/wp-content\/uploads\/2020\/01\/20200112_124024-150x150.jpg\" class=\"attachment-thumbnail size-thumbnail\" alt=\"\" \/><\/a>\n\t\t\t<\/dt><\/dl><dl class='gallery-item'>\n\t\t\t<dt class='gallery-icon landscape'>\n\t\t\t\t<a data-elementor-open-lightbox=\"yes\" data-elementor-lightbox-slideshow=\"fe6da0d\" data-elementor-lightbox-title=\"Tessin\" data-e-action-hash=\"#elementor-action%3Aaction%3Dlightbox%26settings%3DeyJpZCI6MzEyMiwidXJsIjoiaHR0cHM6XC9cL3d3dy5hcmNhcm8uY2hcL3dwLWNvbnRlbnRcL3VwbG9hZHNcLzIwMjBcLzAxXC8yMDIwMDExMl8xMjQzMzUuanBnIiwic2xpZGVzaG93IjoiZmU2ZGEwZCJ9\" data-elementor-lightbox-description=\"Bl\u00fcten\" href='https:\/\/www.arcaro.ch\/wp-content\/uploads\/2020\/01\/20200112_124335.jpg'><img loading=\"lazy\" decoding=\"async\" width=\"150\" height=\"150\" src=\"https:\/\/www.arcaro.ch\/wp-content\/uploads\/2020\/01\/20200112_124335-150x150.jpg\" class=\"attachment-thumbnail size-thumbnail\" alt=\"\" \/><\/a>\n\t\t\t<\/dt><\/dl><dl class='gallery-item'>\n\t\t\t<dt class='gallery-icon landscape'>\n\t\t\t\t<a data-elementor-open-lightbox=\"yes\" data-elementor-lightbox-slideshow=\"fe6da0d\" data-elementor-lightbox-title=\"Tessin\" data-e-action-hash=\"#elementor-action%3Aaction%3Dlightbox%26settings%3DeyJpZCI6MzEyMywidXJsIjoiaHR0cHM6XC9cL3d3dy5hcmNhcm8uY2hcL3dwLWNvbnRlbnRcL3VwbG9hZHNcLzIwMjBcLzAxXC8yMDIwMDExMl8xMjQzNTQuanBnIiwic2xpZGVzaG93IjoiZmU2ZGEwZCJ9\" data-elementor-lightbox-description=\"Bl\u00fcten\" href='https:\/\/www.arcaro.ch\/wp-content\/uploads\/2020\/01\/20200112_124354.jpg'><img loading=\"lazy\" decoding=\"async\" width=\"150\" height=\"150\" src=\"https:\/\/www.arcaro.ch\/wp-content\/uploads\/2020\/01\/20200112_124354-150x150.jpg\" class=\"attachment-thumbnail size-thumbnail\" alt=\"\" \/><\/a>\n\t\t\t<\/dt><\/dl><dl class='gallery-item'>\n\t\t\t<dt class='gallery-icon portrait'>\n\t\t\t\t<a data-elementor-open-lightbox=\"yes\" data-elementor-lightbox-slideshow=\"fe6da0d\" data-elementor-lightbox-title=\"Tessin\" data-e-action-hash=\"#elementor-action%3Aaction%3Dlightbox%26settings%3DeyJpZCI6MzEyNCwidXJsIjoiaHR0cHM6XC9cL3d3dy5hcmNhcm8uY2hcL3dwLWNvbnRlbnRcL3VwbG9hZHNcLzIwMjBcLzAxXC8yMDIwMDExMl8xMjQ0MTcuanBnIiwic2xpZGVzaG93IjoiZmU2ZGEwZCJ9\" data-elementor-lightbox-description=\"Bl\u00fcten\" href='https:\/\/www.arcaro.ch\/wp-content\/uploads\/2020\/01\/20200112_124417.jpg'><img loading=\"lazy\" decoding=\"async\" width=\"150\" height=\"150\" src=\"https:\/\/www.arcaro.ch\/wp-content\/uploads\/2020\/01\/20200112_124417-150x150.jpg\" class=\"attachment-thumbnail size-thumbnail\" alt=\"\" \/><\/a>\n\t\t\t<\/dt><\/dl><dl class='gallery-item'>\n\t\t\t<dt class='gallery-icon landscape'>\n\t\t\t\t<a data-elementor-open-lightbox=\"yes\" data-elementor-lightbox-slideshow=\"fe6da0d\" data-elementor-lightbox-title=\"Tessin\" data-e-action-hash=\"#elementor-action%3Aaction%3Dlightbox%26settings%3DeyJpZCI6MzEyNSwidXJsIjoiaHR0cHM6XC9cL3d3dy5hcmNhcm8uY2hcL3dwLWNvbnRlbnRcL3VwbG9hZHNcLzIwMjBcLzAxXC8yMDIwMDExMl8xMjQ0NTQuanBnIiwic2xpZGVzaG93IjoiZmU2ZGEwZCJ9\" data-elementor-lightbox-description=\"Bl\u00fcten\" href='https:\/\/www.arcaro.ch\/wp-content\/uploads\/2020\/01\/20200112_124454.jpg'><img loading=\"lazy\" decoding=\"async\" width=\"150\" height=\"150\" src=\"https:\/\/www.arcaro.ch\/wp-content\/uploads\/2020\/01\/20200112_124454-150x150.jpg\" class=\"attachment-thumbnail size-thumbnail\" alt=\"\" \/><\/a>\n\t\t\t<\/dt><\/dl><dl class='gallery-item'>\n\t\t\t<dt class='gallery-icon landscape'>\n\t\t\t\t<a data-elementor-open-lightbox=\"yes\" data-elementor-lightbox-slideshow=\"fe6da0d\" data-elementor-lightbox-title=\"Tessin\" data-e-action-hash=\"#elementor-action%3Aaction%3Dlightbox%26settings%3DeyJpZCI6MzEyNiwidXJsIjoiaHR0cHM6XC9cL3d3dy5hcmNhcm8uY2hcL3dwLWNvbnRlbnRcL3VwbG9hZHNcLzIwMjBcLzAxXC8yMDIwMDExMl8xMjU1MTQuanBnIiwic2xpZGVzaG93IjoiZmU2ZGEwZCJ9\" data-elementor-lightbox-description=\"Bl\u00fcten\" href='https:\/\/www.arcaro.ch\/wp-content\/uploads\/2020\/01\/20200112_125514.jpg'><img loading=\"lazy\" decoding=\"async\" width=\"150\" height=\"150\" src=\"https:\/\/www.arcaro.ch\/wp-content\/uploads\/2020\/01\/20200112_125514-150x150.jpg\" class=\"attachment-thumbnail size-thumbnail\" alt=\"\" \/><\/a>\n\t\t\t<\/dt><\/dl><br style=\"clear: both\" \/>\n\t\t<\/div>\n\t\t<\/div>\n\t\t\t\t\t\t<\/div>\n\t\t\t\t<\/div>\n\t\t\t\t\t<\/div>\n\t\t<\/div>\n\t\t\t\t\t<\/div>\n\t\t<\/section>\n\t\t\t\t<\/div>\n\t\t","protected":false},"excerpt":{"rendered":"<p>Camping Miralago, Tenero, (11.-13.01.2020) Es ist wie jeden Winter, Hochnebel und alles grau in grau. Schnell mal die Wetterlage erkundet, und siehe da, im Tessin soll die Sonne \u00dcberstunden machen. Obwohl noch Mitte Januar, soll es angenehme 8 &#8211; 10 \u00ba C werden. Da die Auswahl an offenen Campingpl\u00e4tzen im Winter sehr beschr\u00e4nkt ist, kam&hellip; <br \/> <a class=\"read-more\" href=\"https:\/\/www.arcaro.ch\/?page_id=3114\">Weiterlesen<\/a><\/p>\n","protected":false},"author":2,"featured_media":3126,"parent":0,"menu_order":0,"comment_status":"closed","ping_status":"closed","template":"","meta":{"footnotes":""},"class_list":["post-3114","page","type-page","status-publish","has-post-thumbnail","hentry"],"_links":{"self":[{"href":"https:\/\/www.arcaro.ch\/index.php?rest_route=\/wp\/v2\/pages\/3114"}],"collection":[{"href":"https:\/\/www.arcaro.ch\/index.php?rest_route=\/wp\/v2\/pages"}],"about":[{"href":"https:\/\/www.arcaro.ch\/index.php?rest_route=\/wp\/v2\/types\/page"}],"author":[{"embeddable":true,"href":"https:\/\/www.arcaro.ch\/index.php?rest_route=\/wp\/v2\/users\/2"}],"replies":[{"embeddable":true,"href":"https:\/\/www.arcaro.ch\/index.php?rest_route=%2Fwp%2Fv2%2Fcomments&post=3114"}],"version-history":[{"count":5,"href":"https:\/\/www.arcaro.ch\/index.php?rest_route=\/wp\/v2\/pages\/3114\/revisions"}],"predecessor-version":[{"id":3336,"href":"https:\/\/www.arcaro.ch\/index.php?rest_route=\/wp\/v2\/pages\/3114\/revisions\/3336"}],"wp:featuredmedia":[{"embeddable":true,"href":"https:\/\/www.arcaro.ch\/index.php?rest_route=\/wp\/v2\/media\/3126"}],"wp:attachment":[{"href":"https:\/\/www.arcaro.ch\/index.php?rest_route=%2Fwp%2Fv2%2Fmedia&parent=3114"}],"curies":[{"name":"wp","href":"https:\/\/api.w.org\/{rel}","templated":true}]}}